{"id":672,"date":"2020-11-28T13:01:00","date_gmt":"2020-11-28T12:01:00","guid":{"rendered":"https:\/\/hubert-info.com\/cms\/?post_type=product&#038;p=672"},"modified":"2020-11-29T20:32:39","modified_gmt":"2020-11-29T19:32:39","slug":"installation-peripherique","status":"publish","type":"product","link":"https:\/\/hubert-info.com\/cms\/produit\/installation-peripherique\/","title":{"rendered":"Installation (P\u00e9riph\u00e9rique)"},"content":{"rendered":"<p><u><b>Installation d&rsquo;un p\u00e9riph\u00e9rique :<\/b><\/u><\/p>\n<p>Apr\u00e8s \u00e9tude de votre configuration actuelle, nous vous proposons des solutions.<br \/>\nNous effectuons vos achats au meilleur prix et nous installons le nouveau mat\u00e9riel.<\/p>\n<p>Vous d\u00e9sirez installer :<br \/>\n*\u00a0<b>Une imprimante.<\/b><br \/>\n*\u00a0<b>Un scanner.<\/b><br \/>\n*\u00a0<b>Un appareil photo.<\/b><br \/>\n*\u00a0<b>Un disque dur amovible.<\/b><br \/>\n*\u00a0<b>Un cam\u00e9scope.<\/b><br \/>\n*\u00a0<b>Etc\u2026<\/b><\/p>\n","protected":false},"excerpt":{"rendered":"<p>Installation d&rsquo;un p\u00e9riph\u00e9rique : Apr\u00e8s \u00e9tude de votre configuration actuelle, nous vous proposons des solutions. Nous effectuons vos achats au meilleur prix et nous installons le nouveau mat\u00e9riel. Vous d\u00e9sirez installer : *\u00a0Une imprimante. *\u00a0Un scanner. *\u00a0Un appareil photo. *\u00a0Un disque dur amovible. *\u00a0Un cam\u00e9scope. *\u00a0Etc\u2026<\/p>\n","protected":false},"featured_media":786,"template":"","meta":[],"product_brand":[],"product_cat":[130,131],"product_tag":[132,135],"class_list":{"0":"post-672","1":"product","2":"type-product","3":"status-publish","4":"has-post-thumbnail","6":"product_cat-distance","7":"product_cat-domicile-site","8":"product_tag-installation","9":"product_tag-peripherique","11":"first","12":"instock","13":"virtual","14":"purchasable","15":"product-type-simple"},"yoast_head":"<!-- This site is optimized with the Yoast SEO plugin v27.5 - https:\/\/yoast.com\/product\/yoast-seo-wordpress\/ -->\n<title>Installation (P\u00e9riph\u00e9rique) - Hubert Informatique<\/title>\n<meta name=\"robots\" content=\"index, follow, max-snippet:-1, max-image-preview:large, max-video-preview:-1\" \/>\n<link rel=\"canonical\" href=\"https:\/\/hubert-info.com\/cms\/produit\/installation-peripherique\/\" \/>\n<meta property=\"og:locale\" content=\"fr_FR\" \/>\n<meta property=\"og:type\" content=\"article\" \/>\n<meta property=\"og:title\" content=\"Installation (P\u00e9riph\u00e9rique) - Hubert Informatique\" \/>\n<meta property=\"og:description\" content=\"Installation d&rsquo;un p\u00e9riph\u00e9rique : Apr\u00e8s \u00e9tude de votre configuration actuelle, nous vous proposons des solutions. Nous effectuons vos achats au meilleur prix et nous installons le nouveau mat\u00e9riel. Vous d\u00e9sirez installer : *\u00a0Une imprimante. *\u00a0Un scanner. *\u00a0Un appareil photo. *\u00a0Un disque dur amovible. *\u00a0Un cam\u00e9scope. *\u00a0Etc\u2026\" \/>\n<meta property=\"og:url\" content=\"https:\/\/hubert-info.com\/cms\/produit\/installation-peripherique\/\" \/>\n<meta property=\"og:site_name\" content=\"Hubert Informatique\" \/>\n<meta property=\"article:modified_time\" content=\"2020-11-29T19:32:39+00:00\" \/>\n<meta property=\"og:image\" content=\"https:\/\/hubert-info.com\/cms\/wp-content\/uploads\/2020\/11\/peripherique.png\" \/>\n\t<meta property=\"og:image:width\" content=\"512\" \/>\n\t<meta property=\"og:image:height\" content=\"512\" \/>\n\t<meta property=\"og:image:type\" content=\"image\/png\" \/>\n<meta name=\"twitter:card\" content=\"summary_large_image\" \/>\n<script type=\"application\/ld+json\" class=\"yoast-schema-graph\">{\"@context\":\"https:\\\/\\\/schema.org\",\"@graph\":[{\"@type\":\"WebPage\",\"@id\":\"https:\\\/\\\/hubert-info.com\\\/cms\\\/produit\\\/installation-peripherique\\\/\",\"url\":\"https:\\\/\\\/hubert-info.com\\\/cms\\\/produit\\\/installation-peripherique\\\/\",\"name\":\"Installation (P\u00e9riph\u00e9rique) - Hubert Informatique\",\"isPartOf\":{\"@id\":\"https:\\\/\\\/hubert-info.com\\\/cms\\\/#website\"},\"primaryImageOfPage\":{\"@id\":\"https:\\\/\\\/hubert-info.com\\\/cms\\\/produit\\\/installation-peripherique\\\/#primaryimage\"},\"image\":{\"@id\":\"https:\\\/\\\/hubert-info.com\\\/cms\\\/produit\\\/installation-peripherique\\\/#primaryimage\"},\"thumbnailUrl\":\"https:\\\/\\\/hubert-info.com\\\/cms\\\/wp-content\\\/uploads\\\/2020\\\/11\\\/peripherique.png\",\"datePublished\":\"2020-11-28T12:01:00+00:00\",\"dateModified\":\"2020-11-29T19:32:39+00:00\",\"breadcrumb\":{\"@id\":\"https:\\\/\\\/hubert-info.com\\\/cms\\\/produit\\\/installation-peripherique\\\/#breadcrumb\"},\"inLanguage\":\"fr-FR\",\"potentialAction\":[{\"@type\":\"ReadAction\",\"target\":[\"https:\\\/\\\/hubert-info.com\\\/cms\\\/produit\\\/installation-peripherique\\\/\"]}]},{\"@type\":\"ImageObject\",\"inLanguage\":\"fr-FR\",\"@id\":\"https:\\\/\\\/hubert-info.com\\\/cms\\\/produit\\\/installation-peripherique\\\/#primaryimage\",\"url\":\"https:\\\/\\\/hubert-info.com\\\/cms\\\/wp-content\\\/uploads\\\/2020\\\/11\\\/peripherique.png\",\"contentUrl\":\"https:\\\/\\\/hubert-info.com\\\/cms\\\/wp-content\\\/uploads\\\/2020\\\/11\\\/peripherique.png\",\"width\":512,\"height\":512},{\"@type\":\"BreadcrumbList\",\"@id\":\"https:\\\/\\\/hubert-info.com\\\/cms\\\/produit\\\/installation-peripherique\\\/#breadcrumb\",\"itemListElement\":[{\"@type\":\"ListItem\",\"position\":1,\"name\":\"Accueil\",\"item\":\"https:\\\/\\\/hubert-info.com\\\/cms\\\/\"},{\"@type\":\"ListItem\",\"position\":2,\"name\":\"Installation (P\u00e9riph\u00e9rique)\"}]},{\"@type\":\"WebSite\",\"@id\":\"https:\\\/\\\/hubert-info.com\\\/cms\\\/#website\",\"url\":\"https:\\\/\\\/hubert-info.com\\\/cms\\\/\",\"name\":\"Hubert Informatique\",\"description\":\"L&#039;informatique sur mesure\",\"publisher\":{\"@id\":\"https:\\\/\\\/hubert-info.com\\\/cms\\\/#organization\"},\"potentialAction\":[{\"@type\":\"SearchAction\",\"target\":{\"@type\":\"EntryPoint\",\"urlTemplate\":\"https:\\\/\\\/hubert-info.com\\\/cms\\\/?s={search_term_string}\"},\"query-input\":{\"@type\":\"PropertyValueSpecification\",\"valueRequired\":true,\"valueName\":\"search_term_string\"}}],\"inLanguage\":\"fr-FR\"},{\"@type\":\"Organization\",\"@id\":\"https:\\\/\\\/hubert-info.com\\\/cms\\\/#organization\",\"name\":\"Hubert Informatique\",\"url\":\"https:\\\/\\\/hubert-info.com\\\/cms\\\/\",\"logo\":{\"@type\":\"ImageObject\",\"inLanguage\":\"fr-FR\",\"@id\":\"https:\\\/\\\/hubert-info.com\\\/cms\\\/#\\\/schema\\\/logo\\\/image\\\/\",\"url\":\"https:\\\/\\\/hubert-info.com\\\/cms\\\/wp-content\\\/uploads\\\/2019\\\/02\\\/logotip-Copie.png\",\"contentUrl\":\"https:\\\/\\\/hubert-info.com\\\/cms\\\/wp-content\\\/uploads\\\/2019\\\/02\\\/logotip-Copie.png\",\"width\":182,\"height\":85,\"caption\":\"Hubert Informatique\"},\"image\":{\"@id\":\"https:\\\/\\\/hubert-info.com\\\/cms\\\/#\\\/schema\\\/logo\\\/image\\\/\"}}]}<\/script>\n<!-- \/ Yoast SEO plugin. -->","yoast_head_json":{"title":"Installation (P\u00e9riph\u00e9rique) - Hubert Informatique","robots":{"index":"index","follow":"follow","max-snippet":"max-snippet:-1","max-image-preview":"max-image-preview:large","max-video-preview":"max-video-preview:-1"},"canonical":"https:\/\/hubert-info.com\/cms\/produit\/installation-peripherique\/","og_locale":"fr_FR","og_type":"article","og_title":"Installation (P\u00e9riph\u00e9rique) - Hubert Informatique","og_description":"Installation d&rsquo;un p\u00e9riph\u00e9rique : Apr\u00e8s \u00e9tude de votre configuration actuelle, nous vous proposons des solutions. Nous effectuons vos achats au meilleur prix et nous installons le nouveau mat\u00e9riel. Vous d\u00e9sirez installer : *\u00a0Une imprimante. *\u00a0Un scanner. *\u00a0Un appareil photo. *\u00a0Un disque dur amovible. *\u00a0Un cam\u00e9scope. *\u00a0Etc\u2026","og_url":"https:\/\/hubert-info.com\/cms\/produit\/installation-peripherique\/","og_site_name":"Hubert Informatique","article_modified_time":"2020-11-29T19:32:39+00:00","og_image":[{"width":512,"height":512,"url":"https:\/\/hubert-info.com\/cms\/wp-content\/uploads\/2020\/11\/peripherique.png","type":"image\/png"}],"twitter_card":"summary_large_image","schema":{"@context":"https:\/\/schema.org","@graph":[{"@type":"WebPage","@id":"https:\/\/hubert-info.com\/cms\/produit\/installation-peripherique\/","url":"https:\/\/hubert-info.com\/cms\/produit\/installation-peripherique\/","name":"Installation (P\u00e9riph\u00e9rique) - Hubert Informatique","isPartOf":{"@id":"https:\/\/hubert-info.com\/cms\/#website"},"primaryImageOfPage":{"@id":"https:\/\/hubert-info.com\/cms\/produit\/installation-peripherique\/#primaryimage"},"image":{"@id":"https:\/\/hubert-info.com\/cms\/produit\/installation-peripherique\/#primaryimage"},"thumbnailUrl":"https:\/\/hubert-info.com\/cms\/wp-content\/uploads\/2020\/11\/peripherique.png","datePublished":"2020-11-28T12:01:00+00:00","dateModified":"2020-11-29T19:32:39+00:00","breadcrumb":{"@id":"https:\/\/hubert-info.com\/cms\/produit\/installation-peripherique\/#breadcrumb"},"inLanguage":"fr-FR","potentialAction":[{"@type":"ReadAction","target":["https:\/\/hubert-info.com\/cms\/produit\/installation-peripherique\/"]}]},{"@type":"ImageObject","inLanguage":"fr-FR","@id":"https:\/\/hubert-info.com\/cms\/produit\/installation-peripherique\/#primaryimage","url":"https:\/\/hubert-info.com\/cms\/wp-content\/uploads\/2020\/11\/peripherique.png","contentUrl":"https:\/\/hubert-info.com\/cms\/wp-content\/uploads\/2020\/11\/peripherique.png","width":512,"height":512},{"@type":"BreadcrumbList","@id":"https:\/\/hubert-info.com\/cms\/produit\/installation-peripherique\/#breadcrumb","itemListElement":[{"@type":"ListItem","position":1,"name":"Accueil","item":"https:\/\/hubert-info.com\/cms\/"},{"@type":"ListItem","position":2,"name":"Installation (P\u00e9riph\u00e9rique)"}]},{"@type":"WebSite","@id":"https:\/\/hubert-info.com\/cms\/#website","url":"https:\/\/hubert-info.com\/cms\/","name":"Hubert Informatique","description":"L&#039;informatique sur mesure","publisher":{"@id":"https:\/\/hubert-info.com\/cms\/#organization"},"potentialAction":[{"@type":"SearchAction","target":{"@type":"EntryPoint","urlTemplate":"https:\/\/hubert-info.com\/cms\/?s={search_term_string}"},"query-input":{"@type":"PropertyValueSpecification","valueRequired":true,"valueName":"search_term_string"}}],"inLanguage":"fr-FR"},{"@type":"Organization","@id":"https:\/\/hubert-info.com\/cms\/#organization","name":"Hubert Informatique","url":"https:\/\/hubert-info.com\/cms\/","logo":{"@type":"ImageObject","inLanguage":"fr-FR","@id":"https:\/\/hubert-info.com\/cms\/#\/schema\/logo\/image\/","url":"https:\/\/hubert-info.com\/cms\/wp-content\/uploads\/2019\/02\/logotip-Copie.png","contentUrl":"https:\/\/hubert-info.com\/cms\/wp-content\/uploads\/2019\/02\/logotip-Copie.png","width":182,"height":85,"caption":"Hubert Informatique"},"image":{"@id":"https:\/\/hubert-info.com\/cms\/#\/schema\/logo\/image\/"}}]}},"_links":{"self":[{"href":"https:\/\/hubert-info.com\/cms\/wp-json\/wp\/v2\/product\/672","targetHints":{"allow":["GET"]}}],"collection":[{"href":"https:\/\/hubert-info.com\/cms\/wp-json\/wp\/v2\/product"}],"about":[{"href":"https:\/\/hubert-info.com\/cms\/wp-json\/wp\/v2\/types\/product"}],"wp:featuredmedia":[{"embeddable":true,"href":"https:\/\/hubert-info.com\/cms\/wp-json\/wp\/v2\/media\/786"}],"wp:attachment":[{"href":"https:\/\/hubert-info.com\/cms\/wp-json\/wp\/v2\/media?parent=672"}],"wp:term":[{"taxonomy":"product_brand","embeddable":true,"href":"https:\/\/hubert-info.com\/cms\/wp-json\/wp\/v2\/product_brand?post=672"},{"taxonomy":"product_cat","embeddable":true,"href":"https:\/\/hubert-info.com\/cms\/wp-json\/wp\/v2\/product_cat?post=672"},{"taxonomy":"product_tag","embeddable":true,"href":"https:\/\/hubert-info.com\/cms\/wp-json\/wp\/v2\/product_tag?post=672"}],"curies":[{"name":"wp","href":"https:\/\/api.w.org\/{rel}","templated":true}]}}