{"id":665,"date":"2020-11-28T12:11:11","date_gmt":"2020-11-28T11:11:11","guid":{"rendered":"https:\/\/hubert-info.com\/cms\/?post_type=product&#038;p=665"},"modified":"2020-11-29T20:33:00","modified_gmt":"2020-11-29T19:33:00","slug":"depannage-informatique-a-distance","status":"publish","type":"product","link":"https:\/\/hubert-info.com\/cms\/produit\/depannage-informatique-a-distance\/","title":{"rendered":"D\u00e9pannage informatique \u00e0 distance"},"content":{"rendered":"<p>Le d\u00e9pannage informatique \u00e0 distance consiste \u00e0 prendre le contr\u00f4le d\u2019un ordinateur distant via internet.<\/p>\n<p>Deux conditions sont imp\u00e9ratives pour pouvoir effectuer une assistance informatique \u00e0 distance : avoir une connexion internet fonctionnelle et un ordinateur qui d\u00e9marre afin de se connecter \u00e0 distance sur votre appareil.<\/p>\n<p>De nombreux probl\u00e8mes informatiques peuvent \u00eatre r\u00e9solus tr\u00e8s rapidement, sans \u00e9ventuel frais de d\u00e9placement.<\/p>\n<p>L\u2019assistance\/d\u00e9pannage\/maintenance informatique \u00e0 distance est accessible quelque soit votre localisation g\u00e9ographique.<br \/>\nLa connexion est enti\u00e8rement s\u00e9curis\u00e9e et crypt\u00e9e<br \/>\nVous pouvez suivre l\u2019intervention informatique \u00e0 distance et voir tout ce que nous faisons sur votre appareil.<\/p>\n<p>Vous avez besoin d\u2019un support informatique \u00e0 distance ?<br \/>\n<a href=\"https:\/\/hubert-info.com\/cms\/nous-contacter\/\">N\u2019h\u00e9sitez pas \u00e0 nous contacter.<\/a><\/p>\n<p><strong>Le d\u00e9roulement d\u2019une intervention informatique \u00e0 distance<\/strong><br \/>\nLorsque vous commandez une intervention \u00e0 distance,<br \/>\nil vous suffira tout simplement d\u2019ouvrir un ticket de support informatique<br \/>\nen d\u00e9crivant vos besoins ou probl\u00e8mes informatiques.<br \/>\nNous vous proposons un rendez-vous de support informatique \u00e0 distance.<\/p>\n<p>Suivant le mat\u00e9riel informatique, nous vous proposons le t\u00e9l\u00e9chargement du logiciel de contr\u00f4le \u00e0 distance.<br \/>\nNous vous demanderons de lui communiquer un num\u00e9ro d\u2019identification ainsi qu&rsquo;un mot de passe temporaire,<br \/>\nqui seront affich\u00e9s \u00e0 l\u2019ouverture du logiciel de support \u00e0 distance.<\/p>\n<p>Vous nous donnez ainsi temporairement le contr\u00f4le de votre ordinateur et vous pourrez suivre \u00e0 l\u2019\u00e9cran toutes nos manipulations.<\/p>\n<p><strong>Commander une intervention \u00e0 distance<\/strong><\/p>\n","protected":false},"excerpt":{"rendered":"<p>Le d\u00e9pannage informatique \u00e0 distance consiste \u00e0 prendre le contr\u00f4le d\u2019un ordinateur distant via internet. Deux conditions sont imp\u00e9ratives pour pouvoir effectuer une assistance informatique \u00e0 distance : avoir une connexion internet fonctionnelle et un ordinateur qui d\u00e9marre afin de se connecter \u00e0 distance sur votre appareil. De nombreux probl\u00e8mes&#8230; <a class=\"continue-reading-link\" href=\"https:\/\/hubert-info.com\/cms\/produit\/depannage-informatique-a-distance\/\"> Continue reading <span class=\"meta-nav\">&rarr; <\/span><\/a><\/p>\n","protected":false},"featured_media":764,"template":"","meta":[],"product_brand":[],"product_cat":[126,124],"product_tag":[129,127,128],"class_list":{"0":"post-665","1":"product","2":"type-product","3":"status-publish","4":"has-post-thumbnail","6":"product_cat-depannage-informatiquel-que-soit-les-problemes-informatiques-que-vous-rencontrez-avec-votre-ordinateur-nous-analyserons-et-solutionnerons-tous-vos-soucis-informatiques-rapidement-via-une-interventi","7":"product_cat-services","8":"product_tag-depannage","9":"product_tag-domicile","10":"product_tag-informatique","12":"first","13":"instock","14":"virtual","15":"purchasable","16":"product-type-simple"},"yoast_head":"<!-- This site is optimized with the Yoast SEO plugin v27.5 - https:\/\/yoast.com\/product\/yoast-seo-wordpress\/ -->\n<title>D\u00e9pannage informatique \u00e0 distance - Hubert Informatique<\/title>\n<meta name=\"robots\" content=\"index, follow, max-snippet:-1, max-image-preview:large, max-video-preview:-1\" \/>\n<link rel=\"canonical\" href=\"https:\/\/hubert-info.com\/cms\/produit\/depannage-informatique-a-distance\/\" \/>\n<meta property=\"og:locale\" content=\"fr_FR\" \/>\n<meta property=\"og:type\" content=\"article\" \/>\n<meta property=\"og:title\" content=\"D\u00e9pannage informatique \u00e0 distance - Hubert Informatique\" \/>\n<meta property=\"og:description\" content=\"Le d\u00e9pannage informatique \u00e0 distance consiste \u00e0 prendre le contr\u00f4le d\u2019un ordinateur distant via internet. Deux conditions sont imp\u00e9ratives pour pouvoir effectuer une assistance informatique \u00e0 distance : avoir une connexion internet fonctionnelle et un ordinateur qui d\u00e9marre afin de se connecter \u00e0 distance sur votre appareil. De nombreux probl\u00e8mes... Continue reading &rarr;\" \/>\n<meta property=\"og:url\" content=\"https:\/\/hubert-info.com\/cms\/produit\/depannage-informatique-a-distance\/\" \/>\n<meta property=\"og:site_name\" content=\"Hubert Informatique\" \/>\n<meta property=\"article:modified_time\" content=\"2020-11-29T19:33:00+00:00\" \/>\n<meta property=\"og:image\" content=\"https:\/\/hubert-info.com\/cms\/wp-content\/uploads\/2020\/11\/distance.png\" \/>\n\t<meta property=\"og:image:width\" content=\"512\" \/>\n\t<meta property=\"og:image:height\" content=\"512\" \/>\n\t<meta property=\"og:image:type\" content=\"image\/png\" \/>\n<meta name=\"twitter:card\" content=\"summary_large_image\" \/>\n<meta name=\"twitter:label1\" content=\"Dur\u00e9e de lecture estim\u00e9e\" \/>\n\t<meta name=\"twitter:data1\" content=\"1 minute\" \/>\n<script type=\"application\/ld+json\" class=\"yoast-schema-graph\">{\"@context\":\"https:\\\/\\\/schema.org\",\"@graph\":[{\"@type\":\"WebPage\",\"@id\":\"https:\\\/\\\/hubert-info.com\\\/cms\\\/produit\\\/depannage-informatique-a-distance\\\/\",\"url\":\"https:\\\/\\\/hubert-info.com\\\/cms\\\/produit\\\/depannage-informatique-a-distance\\\/\",\"name\":\"D\u00e9pannage informatique \u00e0 distance - Hubert Informatique\",\"isPartOf\":{\"@id\":\"https:\\\/\\\/hubert-info.com\\\/cms\\\/#website\"},\"primaryImageOfPage\":{\"@id\":\"https:\\\/\\\/hubert-info.com\\\/cms\\\/produit\\\/depannage-informatique-a-distance\\\/#primaryimage\"},\"image\":{\"@id\":\"https:\\\/\\\/hubert-info.com\\\/cms\\\/produit\\\/depannage-informatique-a-distance\\\/#primaryimage\"},\"thumbnailUrl\":\"https:\\\/\\\/hubert-info.com\\\/cms\\\/wp-content\\\/uploads\\\/2020\\\/11\\\/distance.png\",\"datePublished\":\"2020-11-28T11:11:11+00:00\",\"dateModified\":\"2020-11-29T19:33:00+00:00\",\"breadcrumb\":{\"@id\":\"https:\\\/\\\/hubert-info.com\\\/cms\\\/produit\\\/depannage-informatique-a-distance\\\/#breadcrumb\"},\"inLanguage\":\"fr-FR\",\"potentialAction\":[{\"@type\":\"ReadAction\",\"target\":[\"https:\\\/\\\/hubert-info.com\\\/cms\\\/produit\\\/depannage-informatique-a-distance\\\/\"]}]},{\"@type\":\"ImageObject\",\"inLanguage\":\"fr-FR\",\"@id\":\"https:\\\/\\\/hubert-info.com\\\/cms\\\/produit\\\/depannage-informatique-a-distance\\\/#primaryimage\",\"url\":\"https:\\\/\\\/hubert-info.com\\\/cms\\\/wp-content\\\/uploads\\\/2020\\\/11\\\/distance.png\",\"contentUrl\":\"https:\\\/\\\/hubert-info.com\\\/cms\\\/wp-content\\\/uploads\\\/2020\\\/11\\\/distance.png\",\"width\":512,\"height\":512},{\"@type\":\"BreadcrumbList\",\"@id\":\"https:\\\/\\\/hubert-info.com\\\/cms\\\/produit\\\/depannage-informatique-a-distance\\\/#breadcrumb\",\"itemListElement\":[{\"@type\":\"ListItem\",\"position\":1,\"name\":\"Accueil\",\"item\":\"https:\\\/\\\/hubert-info.com\\\/cms\\\/\"},{\"@type\":\"ListItem\",\"position\":2,\"name\":\"D\u00e9pannage informatique \u00e0 distance\"}]},{\"@type\":\"WebSite\",\"@id\":\"https:\\\/\\\/hubert-info.com\\\/cms\\\/#website\",\"url\":\"https:\\\/\\\/hubert-info.com\\\/cms\\\/\",\"name\":\"Hubert Informatique\",\"description\":\"L&#039;informatique sur mesure\",\"publisher\":{\"@id\":\"https:\\\/\\\/hubert-info.com\\\/cms\\\/#organization\"},\"potentialAction\":[{\"@type\":\"SearchAction\",\"target\":{\"@type\":\"EntryPoint\",\"urlTemplate\":\"https:\\\/\\\/hubert-info.com\\\/cms\\\/?s={search_term_string}\"},\"query-input\":{\"@type\":\"PropertyValueSpecification\",\"valueRequired\":true,\"valueName\":\"search_term_string\"}}],\"inLanguage\":\"fr-FR\"},{\"@type\":\"Organization\",\"@id\":\"https:\\\/\\\/hubert-info.com\\\/cms\\\/#organization\",\"name\":\"Hubert Informatique\",\"url\":\"https:\\\/\\\/hubert-info.com\\\/cms\\\/\",\"logo\":{\"@type\":\"ImageObject\",\"inLanguage\":\"fr-FR\",\"@id\":\"https:\\\/\\\/hubert-info.com\\\/cms\\\/#\\\/schema\\\/logo\\\/image\\\/\",\"url\":\"https:\\\/\\\/hubert-info.com\\\/cms\\\/wp-content\\\/uploads\\\/2019\\\/02\\\/logotip-Copie.png\",\"contentUrl\":\"https:\\\/\\\/hubert-info.com\\\/cms\\\/wp-content\\\/uploads\\\/2019\\\/02\\\/logotip-Copie.png\",\"width\":182,\"height\":85,\"caption\":\"Hubert Informatique\"},\"image\":{\"@id\":\"https:\\\/\\\/hubert-info.com\\\/cms\\\/#\\\/schema\\\/logo\\\/image\\\/\"}}]}<\/script>\n<!-- \/ Yoast SEO plugin. -->","yoast_head_json":{"title":"D\u00e9pannage informatique \u00e0 distance - Hubert Informatique","robots":{"index":"index","follow":"follow","max-snippet":"max-snippet:-1","max-image-preview":"max-image-preview:large","max-video-preview":"max-video-preview:-1"},"canonical":"https:\/\/hubert-info.com\/cms\/produit\/depannage-informatique-a-distance\/","og_locale":"fr_FR","og_type":"article","og_title":"D\u00e9pannage informatique \u00e0 distance - Hubert Informatique","og_description":"Le d\u00e9pannage informatique \u00e0 distance consiste \u00e0 prendre le contr\u00f4le d\u2019un ordinateur distant via internet. Deux conditions sont imp\u00e9ratives pour pouvoir effectuer une assistance informatique \u00e0 distance : avoir une connexion internet fonctionnelle et un ordinateur qui d\u00e9marre afin de se connecter \u00e0 distance sur votre appareil. De nombreux probl\u00e8mes... Continue reading &rarr;","og_url":"https:\/\/hubert-info.com\/cms\/produit\/depannage-informatique-a-distance\/","og_site_name":"Hubert Informatique","article_modified_time":"2020-11-29T19:33:00+00:00","og_image":[{"width":512,"height":512,"url":"https:\/\/hubert-info.com\/cms\/wp-content\/uploads\/2020\/11\/distance.png","type":"image\/png"}],"twitter_card":"summary_large_image","twitter_misc":{"Dur\u00e9e de lecture estim\u00e9e":"1 minute"},"schema":{"@context":"https:\/\/schema.org","@graph":[{"@type":"WebPage","@id":"https:\/\/hubert-info.com\/cms\/produit\/depannage-informatique-a-distance\/","url":"https:\/\/hubert-info.com\/cms\/produit\/depannage-informatique-a-distance\/","name":"D\u00e9pannage informatique \u00e0 distance - Hubert Informatique","isPartOf":{"@id":"https:\/\/hubert-info.com\/cms\/#website"},"primaryImageOfPage":{"@id":"https:\/\/hubert-info.com\/cms\/produit\/depannage-informatique-a-distance\/#primaryimage"},"image":{"@id":"https:\/\/hubert-info.com\/cms\/produit\/depannage-informatique-a-distance\/#primaryimage"},"thumbnailUrl":"https:\/\/hubert-info.com\/cms\/wp-content\/uploads\/2020\/11\/distance.png","datePublished":"2020-11-28T11:11:11+00:00","dateModified":"2020-11-29T19:33:00+00:00","breadcrumb":{"@id":"https:\/\/hubert-info.com\/cms\/produit\/depannage-informatique-a-distance\/#breadcrumb"},"inLanguage":"fr-FR","potentialAction":[{"@type":"ReadAction","target":["https:\/\/hubert-info.com\/cms\/produit\/depannage-informatique-a-distance\/"]}]},{"@type":"ImageObject","inLanguage":"fr-FR","@id":"https:\/\/hubert-info.com\/cms\/produit\/depannage-informatique-a-distance\/#primaryimage","url":"https:\/\/hubert-info.com\/cms\/wp-content\/uploads\/2020\/11\/distance.png","contentUrl":"https:\/\/hubert-info.com\/cms\/wp-content\/uploads\/2020\/11\/distance.png","width":512,"height":512},{"@type":"BreadcrumbList","@id":"https:\/\/hubert-info.com\/cms\/produit\/depannage-informatique-a-distance\/#breadcrumb","itemListElement":[{"@type":"ListItem","position":1,"name":"Accueil","item":"https:\/\/hubert-info.com\/cms\/"},{"@type":"ListItem","position":2,"name":"D\u00e9pannage informatique \u00e0 distance"}]},{"@type":"WebSite","@id":"https:\/\/hubert-info.com\/cms\/#website","url":"https:\/\/hubert-info.com\/cms\/","name":"Hubert Informatique","description":"L&#039;informatique sur mesure","publisher":{"@id":"https:\/\/hubert-info.com\/cms\/#organization"},"potentialAction":[{"@type":"SearchAction","target":{"@type":"EntryPoint","urlTemplate":"https:\/\/hubert-info.com\/cms\/?s={search_term_string}"},"query-input":{"@type":"PropertyValueSpecification","valueRequired":true,"valueName":"search_term_string"}}],"inLanguage":"fr-FR"},{"@type":"Organization","@id":"https:\/\/hubert-info.com\/cms\/#organization","name":"Hubert Informatique","url":"https:\/\/hubert-info.com\/cms\/","logo":{"@type":"ImageObject","inLanguage":"fr-FR","@id":"https:\/\/hubert-info.com\/cms\/#\/schema\/logo\/image\/","url":"https:\/\/hubert-info.com\/cms\/wp-content\/uploads\/2019\/02\/logotip-Copie.png","contentUrl":"https:\/\/hubert-info.com\/cms\/wp-content\/uploads\/2019\/02\/logotip-Copie.png","width":182,"height":85,"caption":"Hubert Informatique"},"image":{"@id":"https:\/\/hubert-info.com\/cms\/#\/schema\/logo\/image\/"}}]}},"_links":{"self":[{"href":"https:\/\/hubert-info.com\/cms\/wp-json\/wp\/v2\/product\/665","targetHints":{"allow":["GET"]}}],"collection":[{"href":"https:\/\/hubert-info.com\/cms\/wp-json\/wp\/v2\/product"}],"about":[{"href":"https:\/\/hubert-info.com\/cms\/wp-json\/wp\/v2\/types\/product"}],"wp:featuredmedia":[{"embeddable":true,"href":"https:\/\/hubert-info.com\/cms\/wp-json\/wp\/v2\/media\/764"}],"wp:attachment":[{"href":"https:\/\/hubert-info.com\/cms\/wp-json\/wp\/v2\/media?parent=665"}],"wp:term":[{"taxonomy":"product_brand","embeddable":true,"href":"https:\/\/hubert-info.com\/cms\/wp-json\/wp\/v2\/product_brand?post=665"},{"taxonomy":"product_cat","embeddable":true,"href":"https:\/\/hubert-info.com\/cms\/wp-json\/wp\/v2\/product_cat?post=665"},{"taxonomy":"product_tag","embeddable":true,"href":"https:\/\/hubert-info.com\/cms\/wp-json\/wp\/v2\/product_tag?post=665"}],"curies":[{"name":"wp","href":"https:\/\/api.w.org\/{rel}","templated":true}]}}