{"id":228,"date":"2019-02-01T21:28:47","date_gmt":"2019-02-01T20:28:47","guid":{"rendered":"https:\/\/hubert-info.com\/cms\/?page_id=228"},"modified":"2025-07-31T13:17:45","modified_gmt":"2025-07-31T12:17:45","slug":"maintenance","status":"publish","type":"page","link":"https:\/\/hubert-info.com\/cms\/maintenance\/","title":{"rendered":"Maintenance"},"content":{"rendered":"<p>&nbsp;<\/p>\r\n\r\n<table style=\"width: 100%; height: 196px;\">\r\n<tbody>\r\n<tr style=\"height: 56px;\">\r\n<td style=\"height: 56px;\">Autoruns<br \/><a href=\"https:\/\/live.sysinternals.com\/Autoruns.exe\" target=\"_blank\" rel=\"noopener noreferrer\"> x32<\/a> <a href=\"https:\/\/live.sysinternals.com\/Autoruns64.exe\" target=\"_blank\" rel=\"noopener noreferrer\">x64<\/a><\/td>\r\n<td style=\"height: 56px;\"><a href=\"https:\/\/toolslib.net\/downloads\/finish\/1\" target=\"_blank\" rel=\"noopener noreferrer\">AdwCleaner<\/a><\/td>\r\n<td style=\"height: 56px;\"><a href=\"http:\/\/www.runtime.org\/dixmlsetup.exe\" target=\"_blank\" rel=\"noopener noreferrer\">DriveImage XML<\/a><br \/><a href=\"https:\/\/www.carifred.com\/diskcopy\/DiskCopy.exe\" target=\"_blank\" rel=\"noopener noreferrer\">DiskCopy<\/a><\/td>\r\n<td style=\"height: 56px;\"><a href=\"https:\/\/unchecky.com\/files\/unchecky_setup.exe\" target=\"_blank\" rel=\"noopener noreferrer\">Unchecky<\/a><br \/><a href=\"https:\/\/adguard.com\/fr\/download.html\" target=\"_blank\" rel=\"noopener noreferrer\">AdGuard<\/a><\/td>\r\n<\/tr>\r\n<tr style=\"height: 28px;\">\r\n<td style=\"height: 28px;\"><a href=\"https:\/\/www.nirsoft.net\/utils\/bluescreenview.zip\" target=\"_blank\" rel=\"noopener noreferrer\">BlueScreenView<\/a><\/td>\r\n<td style=\"height: 28px;\"><a href=\"https:\/\/hubert-info.com\/+\/nettoyage\/ZHPCleaner.exe\" target=\"_blank\" rel=\"noopener noreferrer\">ZhpCleaner<\/a><\/td>\r\n<td style=\"height: 28px;\"><a href=\"https:\/\/hubert-info.com\/+\/save\/UtilitySpotlight2006_11.exe\" target=\"_blank\" rel=\"noopener noreferrer\">Spotlight Robocopy GUI<\/a><\/td>\r\n<td style=\"height: 28px;\"><a href=\"https:\/\/justgetflux.com\/dlwin.html\" target=\"_blank\" rel=\"noopener noreferrer\">F.lux<\/a><\/td>\r\n<\/tr>\r\n<tr style=\"height: 28px;\">\r\n<td style=\"height: 28px;\"><a href=\"https:\/\/www.resplendence.com\/download\/whocrashedSetup.exe\" target=\"_blank\" rel=\"noopener noreferrer\">Who&rsquo;s Crashed<\/a><\/td>\r\n<td style=\"height: 28px;\"><a href=\"https:\/\/www.bleachbit.org\/download\/windows\" target=\"_blank\" rel=\"noopener noreferrer\">BleachBit<\/a><\/td>\r\n<td style=\"height: 28px;\"><a href=\"https:\/\/github.com\/builtbybel\/CloneApp\" target=\"_blank\" rel=\"noopener noreferrer\">Cloneapp<\/a> &#8211; <a href=\"https:\/\/hubert-info.com\/cms\/wp-content\/uploads\/2019\/10\/CloneApp.7z\">CloneApp<\/a><\/td>\r\n<td style=\"height: 28px;\"><a href=\"http:\/\/www.ninite.com\" target=\"_blank\" rel=\"noopener noreferrer\">Ninite<\/a><\/td>\r\n<\/tr>\r\n<tr style=\"height: 28px;\">\r\n<td style=\"height: 28px;\"><a href=\"https:\/\/crystalmark.info\/redirect.php?product=CrystalDiskInfoInstaller\" target=\"_blank\" rel=\"noopener noreferrer\">CrystalDiskInfo<\/a><\/td>\r\n<td style=\"height: 28px;\"><a href=\"http:\/\/www.hubert-info.com\/+\/maintenance\/Absolute_Uninstaller_Glarysoft_setup.exe\" target=\"_blank\" rel=\"noopener noreferrer\">Absolute Uninstaller<\/a><\/td>\r\n<td style=\"height: 28px;\"><a href=\"https:\/\/www.gamesave-manager.com\/?s=download&amp;guid={D5312F19-F659-40E1-869A-1C991BB0E95B}\" target=\"_blank\" rel=\"noopener noreferrer\">GameSave Manager<\/a><\/td>\r\n<td style=\"height: 28px;\"><a href=\"https:\/\/hubert-info.com\/cms\/wp-content\/uploads\/2019\/10\/ReIcon.zip\">ReIcon<\/a><\/td>\r\n<\/tr>\r\n<tr style=\"height: 28px;\">\r\n<td style=\"height: 28px;\"><a href=\"https:\/\/live.sysinternals.com\/procexp.exe\" target=\"_blank\" rel=\"noopener noreferrer\">ProceXP<\/a><\/td>\r\n<td style=\"height: 28px;\"><a href=\"https:\/\/www.malwarebytes.com\/mwb-download\/thankyou\/\">Malwarebytes<\/a><\/td>\r\n<td style=\"height: 28px;\"><a href=\"https:\/\/www.7-zip.org\/download.html\">7-zip<\/a><\/td>\r\n<td style=\"height: 28px;\"><a href=\"https:\/\/hubert-info.com\/cms\/wp-content\/uploads\/2019\/10\/FixPrintSpooler.zip\">FixPrintSpooler<\/a><\/td>\r\n<\/tr>\r\n<tr style=\"height: 28px;\">\r\n<td style=\"height: 28px;\"><a href=\"http:\/\/live.sysinternals.com\/\" target=\"_blank\" rel=\"noopener noreferrer\">Sysinternals<\/a><\/td>\r\n<td style=\"height: 28px;\"><a href=\"https:\/\/hubert-info.com\/cms\/wp-content\/uploads\/2019\/10\/ResetPermission.7z\">ResetPermission<\/a><\/td>\r\n<td style=\"height: 28px;\"><a href=\"https:\/\/patchmypc.com\/freeupdater\/PatchMyPC.exe\" target=\"_blank\" rel=\"noopener noreferrer\">Patchmypc<\/a><\/td>\r\n<td style=\"height: 28px;\">T\u00e9l\u00e9chargement musique &amp; video<br \/><a href=\"https:\/\/www.the-sz.com\/common\/get.php?product=lacey\">Lacey<\/a><\/td>\r\n<\/tr>\r\n<tr>\r\n<td>\r\n<p><a href=\"https:\/\/hubert-info.com\/+\/info\/HiBitSysInfo-Portable-2.0.30.zip\" target=\"_blank\" rel=\"noopener noreferrer\">HiBitSysInfo<\/a><br \/><a href=\"https:\/\/hubert-info.com\/+\/UniGetUI.Installer.exe\" target=\"_blank\" rel=\"noopener noreferrer\">UniGetUI<\/a><\/p>\r\n<\/td>\r\n<td><a href=\"https:\/\/hubert-info.com\/cms\/wp-content\/uploads\/2019\/10\/PowerRun.zip\" target=\"_blank\" rel=\"noopener noreferrer\">PowerRun<\/a><\/td>\r\n<td><a href=\"https:\/\/www.sumatrapdfreader.org\/download-free-pdf-viewer.html\" target=\"_blank\" rel=\"noopener noreferrer\">SumatraPDF<\/a><br>\r\n<a href=\"https:\/\/download.pdf24.org\/pdf24-creator-11.27.0-x64.exe\" target=\"_blank\" rel=\"noopener noreferrer\">PDF24<\/a><\/td>\r\n<td>Partage de fichiers<br \/>sur m\u00eame r\u00e9seau<br \/><a href=\"https:\/\/github.com\/marchellodev\/sharik\/releases\/latest\" target=\"_blank\" rel=\"noopener noreferrer\">Sharik<\/a> <a href=\"https:\/\/localsend.org\/#\/download\">LocalSend<\/a><\/td>\r\n<\/tr>\r\n<tr>\r\n<td>Gestionnaire audio<br \/><a href=\"https:\/\/apps.microsoft.com\/store\/detail\/eartrumpet\/9NBLGGH516XP?cid=eartrumpet.landing\" target=\"_blank\" rel=\"noopener\">EarTrumpet<\/a><\/td>\r\n<td><a href=\"https:\/\/hubert-info.com\/cms\/wp-content\/uploads\/2019\/10\/CleanMgr.7z\">CleanMgr<\/a><\/td>\r\n<td><a href=\"https:\/\/openhardwaremonitor.org\/files\/openhardwaremonitor-v0.9.6.zip\">Open Hardware Monitor<\/a><\/td>\r\n<td>\u00a0<\/td>\r\n<\/tr>\r\n<\/tbody>\r\n<\/table>\r\n<hr \/>\r\n<p><a href=\"https:\/\/code.gouv.fr\/sill\/\">Sotware Free<\/a><\/p>\r\n<p><a href=\"https:\/\/www.reddit.com\/r\/Sysadmin_Fr\/\">reddit.com\/r\/Sysadmin_Fr\/<\/a><\/p>\r\n<hr \/>\r\n<p><strong>WinDBG<\/strong><\/p>\r\n<p>T\u00e9l\u00e9charger le <strong>SDK<\/strong> de votre syst\u00e8me (Software Development Kit) :<br \/><a href=\"https:\/\/go.microsoft.com\/fwlink\/p\/?linkid=845298\" target=\"_blank\" rel=\"noopener noreferrer\"> SDK Windows 10<\/a><br \/><a href=\"https:\/\/go.microsoft.com\/fwlink\/p\/?LinkId=323507\" target=\"_blank\" rel=\"noopener noreferrer\"> SDK Windows 8.1<\/a><br \/><a href=\"https:\/\/www.microsoft.com\/en-us\/download\/confirmation.aspx?id=8279\" target=\"_blank\" rel=\"noopener noreferrer\"> SDK Windows 7<\/a><br \/>Choisir uniquement <strong>Debugging Tools for Windows<\/strong><br \/>WinDbg en admin<br \/>Files &gt; Symbol File Path :<br \/><code>srv*c:SymbolsSrvCache*https:\/\/msdl.microsoft.com\/download\/symbols<\/code><\/p>\r\n<p>Enregistrer : FileSave Workspace<\/p>\r\n<p>WinDbg charge les symboles.<br \/><code>kd&gt; !analyze -v<\/code> <br \/>Section IMAGE_NAME<br \/>crash = IMAGE_NAME \/ MODULE_NAME \/ PROCESS_NAME<\/p>\r\n<p>Clic sur le lien WinDbg affiche l&#8217;emplacement pour remplacer ou r\u00e9installer.<\/p>\r\n\r\n<p>&nbsp;<\/p>","protected":false},"excerpt":{"rendered":"<p>&nbsp; Autoruns x32 x64 AdwCleaner DriveImage XMLDiskCopy UncheckyAdGuard BlueScreenView ZhpCleaner Spotlight Robocopy GUI F.lux Who&rsquo;s Crashed BleachBit Cloneapp &#8211; CloneApp Ninite CrystalDiskInfo Absolute Uninstaller GameSave Manager ReIcon ProceXP Malwarebytes 7-zip FixPrintSpooler Sysinternals ResetPermission Patchmypc T\u00e9l\u00e9chargement musique &amp; videoLacey HiBitSysInfoUniGetUI PowerRun SumatraPDF PDF24 Partage de fichierssur m\u00eame r\u00e9seauSharik LocalSend Gestionnaire audioEarTrumpet&#8230; <a class=\"continue-reading-link\" href=\"https:\/\/hubert-info.com\/cms\/maintenance\/\"> Continue reading <span class=\"meta-nav\">&rarr; <\/span><\/a><\/p>\n","protected":false},"author":1,"featured_media":0,"parent":0,"menu_order":0,"comment_status":"closed","ping_status":"closed","template":"","meta":{"footnotes":""},"class_list":["post-228","page","type-page","status-publish","hentry"],"yoast_head":"<!-- This site is optimized with the Yoast SEO plugin v27.5 - https:\/\/yoast.com\/product\/yoast-seo-wordpress\/ -->\n<title>Maintenance - Hubert Informatique<\/title>\n<meta name=\"robots\" content=\"index, follow, max-snippet:-1, max-image-preview:large, max-video-preview:-1\" \/>\n<link rel=\"canonical\" href=\"https:\/\/hubert-info.com\/cms\/maintenance\/\" \/>\n<meta property=\"og:locale\" content=\"fr_FR\" \/>\n<meta property=\"og:type\" content=\"article\" \/>\n<meta property=\"og:title\" content=\"Maintenance - Hubert Informatique\" \/>\n<meta property=\"og:description\" content=\"&nbsp; Autoruns x32 x64 AdwCleaner DriveImage XMLDiskCopy UncheckyAdGuard BlueScreenView ZhpCleaner Spotlight Robocopy GUI F.lux Who&rsquo;s Crashed BleachBit Cloneapp &#8211; CloneApp Ninite CrystalDiskInfo Absolute Uninstaller GameSave Manager ReIcon ProceXP Malwarebytes 7-zip FixPrintSpooler Sysinternals ResetPermission Patchmypc T\u00e9l\u00e9chargement musique &amp; videoLacey HiBitSysInfoUniGetUI PowerRun SumatraPDF PDF24 Partage de fichierssur m\u00eame r\u00e9seauSharik LocalSend Gestionnaire audioEarTrumpet... Continue reading &rarr;\" \/>\n<meta property=\"og:url\" content=\"https:\/\/hubert-info.com\/cms\/maintenance\/\" \/>\n<meta property=\"og:site_name\" content=\"Hubert Informatique\" \/>\n<meta property=\"article:modified_time\" content=\"2025-07-31T12:17:45+00:00\" \/>\n<meta name=\"twitter:card\" content=\"summary_large_image\" \/>\n<meta name=\"twitter:label1\" content=\"Dur\u00e9e de lecture estim\u00e9e\" \/>\n\t<meta name=\"twitter:data1\" content=\"1 minute\" \/>\n<script type=\"application\/ld+json\" class=\"yoast-schema-graph\">{\"@context\":\"https:\\\/\\\/schema.org\",\"@graph\":[{\"@type\":\"WebPage\",\"@id\":\"https:\\\/\\\/hubert-info.com\\\/cms\\\/maintenance\\\/\",\"url\":\"https:\\\/\\\/hubert-info.com\\\/cms\\\/maintenance\\\/\",\"name\":\"Maintenance - Hubert Informatique\",\"isPartOf\":{\"@id\":\"https:\\\/\\\/hubert-info.com\\\/cms\\\/#website\"},\"datePublished\":\"2019-02-01T20:28:47+00:00\",\"dateModified\":\"2025-07-31T12:17:45+00:00\",\"breadcrumb\":{\"@id\":\"https:\\\/\\\/hubert-info.com\\\/cms\\\/maintenance\\\/#breadcrumb\"},\"inLanguage\":\"fr-FR\",\"potentialAction\":[{\"@type\":\"ReadAction\",\"target\":[\"https:\\\/\\\/hubert-info.com\\\/cms\\\/maintenance\\\/\"]}]},{\"@type\":\"BreadcrumbList\",\"@id\":\"https:\\\/\\\/hubert-info.com\\\/cms\\\/maintenance\\\/#breadcrumb\",\"itemListElement\":[{\"@type\":\"ListItem\",\"position\":1,\"name\":\"Accueil\",\"item\":\"https:\\\/\\\/hubert-info.com\\\/cms\\\/\"},{\"@type\":\"ListItem\",\"position\":2,\"name\":\"Maintenance\"}]},{\"@type\":\"WebSite\",\"@id\":\"https:\\\/\\\/hubert-info.com\\\/cms\\\/#website\",\"url\":\"https:\\\/\\\/hubert-info.com\\\/cms\\\/\",\"name\":\"Hubert Informatique\",\"description\":\"L&#039;informatique sur mesure\",\"publisher\":{\"@id\":\"https:\\\/\\\/hubert-info.com\\\/cms\\\/#organization\"},\"potentialAction\":[{\"@type\":\"SearchAction\",\"target\":{\"@type\":\"EntryPoint\",\"urlTemplate\":\"https:\\\/\\\/hubert-info.com\\\/cms\\\/?s={search_term_string}\"},\"query-input\":{\"@type\":\"PropertyValueSpecification\",\"valueRequired\":true,\"valueName\":\"search_term_string\"}}],\"inLanguage\":\"fr-FR\"},{\"@type\":\"Organization\",\"@id\":\"https:\\\/\\\/hubert-info.com\\\/cms\\\/#organization\",\"name\":\"Hubert Informatique\",\"url\":\"https:\\\/\\\/hubert-info.com\\\/cms\\\/\",\"logo\":{\"@type\":\"ImageObject\",\"inLanguage\":\"fr-FR\",\"@id\":\"https:\\\/\\\/hubert-info.com\\\/cms\\\/#\\\/schema\\\/logo\\\/image\\\/\",\"url\":\"https:\\\/\\\/hubert-info.com\\\/cms\\\/wp-content\\\/uploads\\\/2019\\\/02\\\/logotip-Copie.png\",\"contentUrl\":\"https:\\\/\\\/hubert-info.com\\\/cms\\\/wp-content\\\/uploads\\\/2019\\\/02\\\/logotip-Copie.png\",\"width\":182,\"height\":85,\"caption\":\"Hubert Informatique\"},\"image\":{\"@id\":\"https:\\\/\\\/hubert-info.com\\\/cms\\\/#\\\/schema\\\/logo\\\/image\\\/\"}}]}<\/script>\n<!-- \/ Yoast SEO plugin. -->","yoast_head_json":{"title":"Maintenance - Hubert Informatique","robots":{"index":"index","follow":"follow","max-snippet":"max-snippet:-1","max-image-preview":"max-image-preview:large","max-video-preview":"max-video-preview:-1"},"canonical":"https:\/\/hubert-info.com\/cms\/maintenance\/","og_locale":"fr_FR","og_type":"article","og_title":"Maintenance - Hubert Informatique","og_description":"&nbsp; Autoruns x32 x64 AdwCleaner DriveImage XMLDiskCopy UncheckyAdGuard BlueScreenView ZhpCleaner Spotlight Robocopy GUI F.lux Who&rsquo;s Crashed BleachBit Cloneapp &#8211; CloneApp Ninite CrystalDiskInfo Absolute Uninstaller GameSave Manager ReIcon ProceXP Malwarebytes 7-zip FixPrintSpooler Sysinternals ResetPermission Patchmypc T\u00e9l\u00e9chargement musique &amp; videoLacey HiBitSysInfoUniGetUI PowerRun SumatraPDF PDF24 Partage de fichierssur m\u00eame r\u00e9seauSharik LocalSend Gestionnaire audioEarTrumpet... Continue reading &rarr;","og_url":"https:\/\/hubert-info.com\/cms\/maintenance\/","og_site_name":"Hubert Informatique","article_modified_time":"2025-07-31T12:17:45+00:00","twitter_card":"summary_large_image","twitter_misc":{"Dur\u00e9e de lecture estim\u00e9e":"1 minute"},"schema":{"@context":"https:\/\/schema.org","@graph":[{"@type":"WebPage","@id":"https:\/\/hubert-info.com\/cms\/maintenance\/","url":"https:\/\/hubert-info.com\/cms\/maintenance\/","name":"Maintenance - Hubert Informatique","isPartOf":{"@id":"https:\/\/hubert-info.com\/cms\/#website"},"datePublished":"2019-02-01T20:28:47+00:00","dateModified":"2025-07-31T12:17:45+00:00","breadcrumb":{"@id":"https:\/\/hubert-info.com\/cms\/maintenance\/#breadcrumb"},"inLanguage":"fr-FR","potentialAction":[{"@type":"ReadAction","target":["https:\/\/hubert-info.com\/cms\/maintenance\/"]}]},{"@type":"BreadcrumbList","@id":"https:\/\/hubert-info.com\/cms\/maintenance\/#breadcrumb","itemListElement":[{"@type":"ListItem","position":1,"name":"Accueil","item":"https:\/\/hubert-info.com\/cms\/"},{"@type":"ListItem","position":2,"name":"Maintenance"}]},{"@type":"WebSite","@id":"https:\/\/hubert-info.com\/cms\/#website","url":"https:\/\/hubert-info.com\/cms\/","name":"Hubert Informatique","description":"L&#039;informatique sur mesure","publisher":{"@id":"https:\/\/hubert-info.com\/cms\/#organization"},"potentialAction":[{"@type":"SearchAction","target":{"@type":"EntryPoint","urlTemplate":"https:\/\/hubert-info.com\/cms\/?s={search_term_string}"},"query-input":{"@type":"PropertyValueSpecification","valueRequired":true,"valueName":"search_term_string"}}],"inLanguage":"fr-FR"},{"@type":"Organization","@id":"https:\/\/hubert-info.com\/cms\/#organization","name":"Hubert Informatique","url":"https:\/\/hubert-info.com\/cms\/","logo":{"@type":"ImageObject","inLanguage":"fr-FR","@id":"https:\/\/hubert-info.com\/cms\/#\/schema\/logo\/image\/","url":"https:\/\/hubert-info.com\/cms\/wp-content\/uploads\/2019\/02\/logotip-Copie.png","contentUrl":"https:\/\/hubert-info.com\/cms\/wp-content\/uploads\/2019\/02\/logotip-Copie.png","width":182,"height":85,"caption":"Hubert Informatique"},"image":{"@id":"https:\/\/hubert-info.com\/cms\/#\/schema\/logo\/image\/"}}]}},"_links":{"self":[{"href":"https:\/\/hubert-info.com\/cms\/wp-json\/wp\/v2\/pages\/228","targetHints":{"allow":["GET"]}}],"collection":[{"href":"https:\/\/hubert-info.com\/cms\/wp-json\/wp\/v2\/pages"}],"about":[{"href":"https:\/\/hubert-info.com\/cms\/wp-json\/wp\/v2\/types\/page"}],"author":[{"embeddable":true,"href":"https:\/\/hubert-info.com\/cms\/wp-json\/wp\/v2\/users\/1"}],"replies":[{"embeddable":true,"href":"https:\/\/hubert-info.com\/cms\/wp-json\/wp\/v2\/comments?post=228"}],"version-history":[{"count":11,"href":"https:\/\/hubert-info.com\/cms\/wp-json\/wp\/v2\/pages\/228\/revisions"}],"predecessor-version":[{"id":925,"href":"https:\/\/hubert-info.com\/cms\/wp-json\/wp\/v2\/pages\/228\/revisions\/925"}],"wp:attachment":[{"href":"https:\/\/hubert-info.com\/cms\/wp-json\/wp\/v2\/media?parent=228"}],"curies":[{"name":"wp","href":"https:\/\/api.w.org\/{rel}","templated":true}]}}